{"id":1426,"date":"2026-03-23T17:17:44","date_gmt":"2026-03-23T16:17:44","guid":{"rendered":"https:\/\/freundeskreis-asyl-korb.de\/?page_id=1426"},"modified":"2026-03-23T17:17:44","modified_gmt":"2026-03-23T16:17:44","slug":"aus-unserer-geschichte","status":"publish","type":"page","link":"https:\/\/freundeskreis-asyl-korb.de\/?page_id=1426","title":{"rendered":"Aus unserer Geschichte"},"content":{"rendered":"\n<div class=\"wp-block-group is-style-twentytwentyone-border\"><div class=\"wp-block-group__inner-container is-layout-constrained wp-block-group-is-layout-constrained\">\n<p><strong>Caf\u00e9 International \u2013 \u00f6kumenisches Miteinander und gelungene Zusammenarbeit der christlichen Kirchengemeinden in Korb und des Freundeskreises<\/strong><\/p>\n\n\n\n<p>Das Caf\u00e9 International hat sich in den vergangenen elf Jahren zu einer festen Gr\u00f6\u00dfe im \u00f6kumenischen Leben der vier Kirchengemeinden in Korb entwickelt \u2013 der evangelischen, katholischen, methodistischen und neuapostolischen Gemeinde. Mehrmals im Jahr laden engagierte Ehrenamtliche gemeinsam zu Begegnung und Austausch ein.<\/p>\n\n\n\n<p>Im Jahr 2015, als die ersten gr\u00f6\u00dferen Fl\u00fcchtlingsgruppen nach Korb kamen, wurde das Caf\u00e9 International von&nbsp;<strong>Gabi Sigloch, Rose Schaaf, B\u00e4rbel Friedrich und K\u00e4the Pegel<\/strong>&nbsp;initiiert.<\/p>\n\n\n\n<p>Unz\u00e4hlige Kuchen wurden in dieser Zeit gebacken, Butterbrezeln geschmiert sowie Kaffee und Tee gekocht \u2013 sichtbare Zeichen einer lebendigen Gemeinschaft und eines vertrauensvollen Miteinanders. Das Caf\u00e9 International wird jeweils in Zusammenarbeit mit einer der Kirchengemeinden oder den Landfrauen veranstaltet.<\/p>\n\n\n\n<p class=\"has-small-font-size\">Der Text wurde im M\u00e4rz 2026 von B\u00e4rbel Friedrich geschrieben.<\/p>\n<\/div><\/div>\n","protected":false},"excerpt":{"rendered":"<p>Caf\u00e9 International \u2013 \u00f6kumenisches Miteinander und gelungene Zusammenarbeit der christlichen Kirchengemeinden in Korb und des Freundeskreises Das Caf\u00e9 International hat sich in den vergangenen elf Jahren zu einer festen Gr\u00f6\u00dfe im \u00f6kumenischen Leben der vier Kirchengemeinden in Korb entwickelt \u2013 der evangelischen, katholischen, methodistischen und neuapostolischen Gemeinde. Mehrmals im Jahr laden engagierte Ehrenamtliche gemeinsam zu&hellip; <a class=\"more-link\" href=\"https:\/\/freundeskreis-asyl-korb.de\/?page_id=1426\"><span class=\"screen-reader-text\">Aus unserer Geschichte<\/span> weiterlesen<\/a><\/p>\n","protected":false},"author":2,"featured_media":1430,"parent":0,"menu_order":0,"comment_status":"closed","ping_status":"closed","template":"","meta":{"footnotes":""},"class_list":["post-1426","page","type-page","status-publish","has-post-thumbnail","hentry","entry"],"_links":{"self":[{"href":"https:\/\/freundeskreis-asyl-korb.de\/index.php?rest_route=\/wp\/v2\/pages\/1426","targetHints":{"allow":["GET"]}}],"collection":[{"href":"https:\/\/freundeskreis-asyl-korb.de\/index.php?rest_route=\/wp\/v2\/pages"}],"about":[{"href":"https:\/\/freundeskreis-asyl-korb.de\/index.php?rest_route=\/wp\/v2\/types\/page"}],"author":[{"embeddable":true,"href":"https:\/\/freundeskreis-asyl-korb.de\/index.php?rest_route=\/wp\/v2\/users\/2"}],"replies":[{"embeddable":true,"href":"https:\/\/freundeskreis-asyl-korb.de\/index.php?rest_route=%2Fwp%2Fv2%2Fcomments&post=1426"}],"version-history":[{"count":1,"href":"https:\/\/freundeskreis-asyl-korb.de\/index.php?rest_route=\/wp\/v2\/pages\/1426\/revisions"}],"predecessor-version":[{"id":1427,"href":"https:\/\/freundeskreis-asyl-korb.de\/index.php?rest_route=\/wp\/v2\/pages\/1426\/revisions\/1427"}],"wp:featuredmedia":[{"embeddable":true,"href":"https:\/\/freundeskreis-asyl-korb.de\/index.php?rest_route=\/wp\/v2\/media\/1430"}],"wp:attachment":[{"href":"https:\/\/freundeskreis-asyl-korb.de\/index.php?rest_route=%2Fwp%2Fv2%2Fmedia&parent=1426"}],"curies":[{"name":"wp","href":"https:\/\/api.w.org\/{rel}","templated":true}]}}